{"id":475,"date":"2022-03-14T15:38:07","date_gmt":"2022-03-14T15:38:07","guid":{"rendered":"https:\/\/ig-mehrzweckhalle-loehningen.ch\/?page_id=475"},"modified":"2025-12-09T20:39:25","modified_gmt":"2025-12-09T20:39:25","slug":"unterlagen-vorstand","status":"publish","type":"page","link":"https:\/\/ig-mehrzweckhalle-loehningen.ch\/index.php\/unterlagen-vorstand\/","title":{"rendered":"intern"},"content":{"rendered":"","protected":true},"excerpt":{"rendered":"","protected":true},"author":1,"featured_media":0,"parent":0,"menu_order":0,"comment_status":"closed","ping_status":"closed","template":"page-templates\/template-pagebuilder-full-width.php","meta":{"neve_meta_sidebar":"full-width","neve_meta_container":"","neve_meta_enable_content_width":"on","neve_meta_content_width":100,"neve_meta_title_alignment":"","neve_meta_author_avatar":"","neve_post_elements_order":"","neve_meta_disable_header":"","neve_meta_disable_footer":"","neve_meta_disable_title":"","footnotes":""},"class_list":["post-475","page","type-page","status-publish","post-password-required","hentry"],"yoast_head":"<!-- This site is optimized with the Yoast SEO plugin v27.5 - https:\/\/yoast.com\/product\/yoast-seo-wordpress\/ -->\n<title>intern - IG Mehrzweckhalle L\u00f6hningen<\/title>\n<meta name=\"robots\" content=\"index, follow, max-snippet:-1, max-image-preview:large, max-video-preview:-1\" \/>\n<link rel=\"canonical\" href=\"https:\/\/ig-mehrzweckhalle-loehningen.ch\/index.php\/unterlagen-vorstand\/\" \/>\n<meta property=\"og:locale\" content=\"de_DE\" \/>\n<meta property=\"og:type\" content=\"article\" \/>\n<meta property=\"og:title\" content=\"intern - IG Mehrzweckhalle L\u00f6hningen\" \/>\n<meta property=\"og:description\" content=\"Es gibt keinen Textauszug, da dies ein gesch\u00fctzter Beitrag ist.\" \/>\n<meta property=\"og:url\" content=\"https:\/\/ig-mehrzweckhalle-loehningen.ch\/index.php\/unterlagen-vorstand\/\" \/>\n<meta property=\"og:site_name\" content=\"IG Mehrzweckhalle L\u00f6hningen\" \/>\n<meta property=\"article:modified_time\" content=\"2025-12-09T20:39:25+00:00\" \/>\n<meta name=\"twitter:card\" content=\"summary_large_image\" \/>\n<meta name=\"twitter:label1\" content=\"Gesch\u00e4tzte Lesezeit\" \/>\n\t<meta name=\"twitter:data1\" content=\"1\u00a0Minute\" \/>\n<script type=\"application\/ld+json\" class=\"yoast-schema-graph\">{\"@context\":\"https:\\\/\\\/schema.org\",\"@graph\":[{\"@type\":\"WebPage\",\"@id\":\"https:\\\/\\\/ig-mehrzweckhalle-loehningen.ch\\\/index.php\\\/unterlagen-vorstand\\\/\",\"url\":\"https:\\\/\\\/ig-mehrzweckhalle-loehningen.ch\\\/index.php\\\/unterlagen-vorstand\\\/\",\"name\":\"intern - IG Mehrzweckhalle L\u00f6hningen\",\"isPartOf\":{\"@id\":\"https:\\\/\\\/ig-mehrzweckhalle-loehningen.ch\\\/#website\"},\"datePublished\":\"2022-03-14T15:38:07+00:00\",\"dateModified\":\"2025-12-09T20:39:25+00:00\",\"breadcrumb\":{\"@id\":\"https:\\\/\\\/ig-mehrzweckhalle-loehningen.ch\\\/index.php\\\/unterlagen-vorstand\\\/#breadcrumb\"},\"inLanguage\":\"de\"},{\"@type\":\"WebSite\",\"@id\":\"https:\\\/\\\/ig-mehrzweckhalle-loehningen.ch\\\/#website\",\"url\":\"https:\\\/\\\/ig-mehrzweckhalle-loehningen.ch\\\/\",\"name\":\"IG Mehrzweckhalle L\u00f6hningen\",\"description\":\"Mehr Hallenkapazit\u00e4t f\u00fcr unser Dorf!\",\"publisher\":{\"@id\":\"https:\\\/\\\/ig-mehrzweckhalle-loehningen.ch\\\/#organization\"},\"potentialAction\":[{\"@type\":\"SearchAction\",\"target\":{\"@type\":\"EntryPoint\",\"urlTemplate\":\"https:\\\/\\\/ig-mehrzweckhalle-loehningen.ch\\\/?s={search_term_string}\"},\"query-input\":{\"@type\":\"PropertyValueSpecification\",\"valueRequired\":true,\"valueName\":\"search_term_string\"}}],\"inLanguage\":\"de\"},{\"@type\":\"Organization\",\"@id\":\"https:\\\/\\\/ig-mehrzweckhalle-loehningen.ch\\\/#organization\",\"name\":\"IG Mehrzweckhalle L\u00f6hningen\",\"url\":\"https:\\\/\\\/ig-mehrzweckhalle-loehningen.ch\\\/\",\"logo\":{\"@type\":\"ImageObject\",\"inLanguage\":\"de\",\"@id\":\"https:\\\/\\\/ig-mehrzweckhalle-loehningen.ch\\\/#\\\/schema\\\/logo\\\/image\\\/\",\"url\":\"https:\\\/\\\/ig-mehrzweckhalle-loehningen.ch\\\/wp-content\\\/uploads\\\/2020\\\/07\\\/logo_IGmehrzweckhalle_loehningen_v01.jpg\",\"contentUrl\":\"https:\\\/\\\/ig-mehrzweckhalle-loehningen.ch\\\/wp-content\\\/uploads\\\/2020\\\/07\\\/logo_IGmehrzweckhalle_loehningen_v01.jpg\",\"width\":1654,\"height\":709,\"caption\":\"IG Mehrzweckhalle L\u00f6hningen\"},\"image\":{\"@id\":\"https:\\\/\\\/ig-mehrzweckhalle-loehningen.ch\\\/#\\\/schema\\\/logo\\\/image\\\/\"}}]}<\/script>\n<!-- \/ Yoast SEO plugin. -->","yoast_head_json":{"title":"intern - IG Mehrzweckhalle L\u00f6hningen","robots":{"index":"index","follow":"follow","max-snippet":"max-snippet:-1","max-image-preview":"max-image-preview:large","max-video-preview":"max-video-preview:-1"},"canonical":"https:\/\/ig-mehrzweckhalle-loehningen.ch\/index.php\/unterlagen-vorstand\/","og_locale":"de_DE","og_type":"article","og_title":"intern - IG Mehrzweckhalle L\u00f6hningen","og_description":"Es gibt keinen Textauszug, da dies ein gesch\u00fctzter Beitrag ist.","og_url":"https:\/\/ig-mehrzweckhalle-loehningen.ch\/index.php\/unterlagen-vorstand\/","og_site_name":"IG Mehrzweckhalle L\u00f6hningen","article_modified_time":"2025-12-09T20:39:25+00:00","twitter_card":"summary_large_image","twitter_misc":{"Gesch\u00e4tzte Lesezeit":"1\u00a0Minute"},"schema":{"@context":"https:\/\/schema.org","@graph":[{"@type":"WebPage","@id":"https:\/\/ig-mehrzweckhalle-loehningen.ch\/index.php\/unterlagen-vorstand\/","url":"https:\/\/ig-mehrzweckhalle-loehningen.ch\/index.php\/unterlagen-vorstand\/","name":"intern - IG Mehrzweckhalle L\u00f6hningen","isPartOf":{"@id":"https:\/\/ig-mehrzweckhalle-loehningen.ch\/#website"},"datePublished":"2022-03-14T15:38:07+00:00","dateModified":"2025-12-09T20:39:25+00:00","breadcrumb":{"@id":"https:\/\/ig-mehrzweckhalle-loehningen.ch\/index.php\/unterlagen-vorstand\/#breadcrumb"},"inLanguage":"de"},{"@type":"WebSite","@id":"https:\/\/ig-mehrzweckhalle-loehningen.ch\/#website","url":"https:\/\/ig-mehrzweckhalle-loehningen.ch\/","name":"IG Mehrzweckhalle L\u00f6hningen","description":"Mehr Hallenkapazit\u00e4t f\u00fcr unser Dorf!","publisher":{"@id":"https:\/\/ig-mehrzweckhalle-loehningen.ch\/#organization"},"potentialAction":[{"@type":"SearchAction","target":{"@type":"EntryPoint","urlTemplate":"https:\/\/ig-mehrzweckhalle-loehningen.ch\/?s={search_term_string}"},"query-input":{"@type":"PropertyValueSpecification","valueRequired":true,"valueName":"search_term_string"}}],"inLanguage":"de"},{"@type":"Organization","@id":"https:\/\/ig-mehrzweckhalle-loehningen.ch\/#organization","name":"IG Mehrzweckhalle L\u00f6hningen","url":"https:\/\/ig-mehrzweckhalle-loehningen.ch\/","logo":{"@type":"ImageObject","inLanguage":"de","@id":"https:\/\/ig-mehrzweckhalle-loehningen.ch\/#\/schema\/logo\/image\/","url":"https:\/\/ig-mehrzweckhalle-loehningen.ch\/wp-content\/uploads\/2020\/07\/logo_IGmehrzweckhalle_loehningen_v01.jpg","contentUrl":"https:\/\/ig-mehrzweckhalle-loehningen.ch\/wp-content\/uploads\/2020\/07\/logo_IGmehrzweckhalle_loehningen_v01.jpg","width":1654,"height":709,"caption":"IG Mehrzweckhalle L\u00f6hningen"},"image":{"@id":"https:\/\/ig-mehrzweckhalle-loehningen.ch\/#\/schema\/logo\/image\/"}}]}},"_links":{"self":[{"href":"https:\/\/ig-mehrzweckhalle-loehningen.ch\/index.php\/wp-json\/wp\/v2\/pages\/475","targetHints":{"allow":["GET"]}}],"collection":[{"href":"https:\/\/ig-mehrzweckhalle-loehningen.ch\/index.php\/wp-json\/wp\/v2\/pages"}],"about":[{"href":"https:\/\/ig-mehrzweckhalle-loehningen.ch\/index.php\/wp-json\/wp\/v2\/types\/page"}],"author":[{"embeddable":true,"href":"https:\/\/ig-mehrzweckhalle-loehningen.ch\/index.php\/wp-json\/wp\/v2\/users\/1"}],"replies":[{"embeddable":true,"href":"https:\/\/ig-mehrzweckhalle-loehningen.ch\/index.php\/wp-json\/wp\/v2\/comments?post=475"}],"version-history":[{"count":54,"href":"https:\/\/ig-mehrzweckhalle-loehningen.ch\/index.php\/wp-json\/wp\/v2\/pages\/475\/revisions"}],"predecessor-version":[{"id":679,"href":"https:\/\/ig-mehrzweckhalle-loehningen.ch\/index.php\/wp-json\/wp\/v2\/pages\/475\/revisions\/679"}],"wp:attachment":[{"href":"https:\/\/ig-mehrzweckhalle-loehningen.ch\/index.php\/wp-json\/wp\/v2\/media?parent=475"}],"curies":[{"name":"wp","href":"https:\/\/api.w.org\/{rel}","templated":true}]}}