{"id":466,"date":"2022-02-05T13:38:38","date_gmt":"2022-02-05T13:38:38","guid":{"rendered":"https:\/\/ig-mehrzweckhalle-loehningen.ch\/?page_id=466"},"modified":"2025-12-02T14:51:28","modified_gmt":"2025-12-02T14:51:28","slug":"vorstand","status":"publish","type":"page","link":"https:\/\/ig-mehrzweckhalle-loehningen.ch\/index.php\/vorstand\/","title":{"rendered":"Vorstand"},"content":{"rendered":"\t\t<div data-elementor-type=\"wp-page\" data-elementor-id=\"466\" class=\"elementor elementor-466\">\n\t\t\t\t\t\t<section class=\"elementor-section elementor-top-section elementor-element elementor-element-1d2a7d24 elementor-section-boxed elementor-section-height-default elementor-section-height-default\" data-id=\"1d2a7d24\" data-element_type=\"section\" data-e-type=\"section\">\n\t\t\t\t\t\t<div class=\"elementor-container elementor-column-gap-default\">\n\t\t\t\t\t<div class=\"elementor-column elementor-col-100 elementor-top-column elementor-element elementor-element-5691e836\" data-id=\"5691e836\" data-element_type=\"column\" data-e-type=\"column\">\n\t\t\t<div class=\"elementor-widget-wrap\">\n\t\t\t\t\t\t\t<\/div>\n\t\t<\/div>\n\t\t\t\t\t<\/div>\n\t\t<\/section>\n\t\t\t\t<section class=\"elementor-section elementor-top-section elementor-element elementor-element-fcf540e elementor-section-boxed elementor-section-height-default elementor-section-height-default\" data-id=\"fcf540e\" data-element_type=\"section\" data-e-type=\"section\">\n\t\t\t\t\t\t<div class=\"elementor-container elementor-column-gap-default\">\n\t\t\t\t\t<div class=\"elementor-column elementor-col-100 elementor-top-column elementor-element elementor-element-7caee2b\" data-id=\"7caee2b\" data-element_type=\"column\" data-e-type=\"column\">\n\t\t\t<div class=\"elementor-widget-wrap elementor-element-populated\">\n\t\t\t\t\t\t<div class=\"elementor-element elementor-element-2713b0a elementor-widget elementor-widget-image\" data-id=\"2713b0a\" data-element_type=\"widget\" data-e-type=\"widget\" data-widget_type=\"image.default\">\n\t\t\t\t<div class=\"elementor-widget-container\">\n\t\t\t\t\t\t\t\t\t\t\t\t\t\t\t<img fetchpriority=\"high\" decoding=\"async\" width=\"1024\" height=\"768\" src=\"https:\/\/ig-mehrzweckhalle-loehningen.ch\/wp-content\/uploads\/2025\/12\/IGM_2026-1024x768.jpeg\" class=\"attachment-large size-large wp-image-642\" alt=\"\" srcset=\"https:\/\/ig-mehrzweckhalle-loehningen.ch\/wp-content\/uploads\/2025\/12\/IGM_2026-1024x768.jpeg 1024w, https:\/\/ig-mehrzweckhalle-loehningen.ch\/wp-content\/uploads\/2025\/12\/IGM_2026-300x225.jpeg 300w, https:\/\/ig-mehrzweckhalle-loehningen.ch\/wp-content\/uploads\/2025\/12\/IGM_2026-768x576.jpeg 768w, https:\/\/ig-mehrzweckhalle-loehningen.ch\/wp-content\/uploads\/2025\/12\/IGM_2026-1536x1152.jpeg 1536w, https:\/\/ig-mehrzweckhalle-loehningen.ch\/wp-content\/uploads\/2025\/12\/IGM_2026-2048x1536.jpeg 2048w\" sizes=\"(max-width: 1024px) 100vw, 1024px\" \/>\t\t\t\t\t\t\t\t\t\t\t\t\t\t\t<\/div>\n\t\t\t\t<\/div>\n\t\t\t\t\t<\/div>\n\t\t<\/div>\n\t\t\t\t\t<\/div>\n\t\t<\/section>\n\t\t\t\t<section class=\"elementor-section elementor-top-section elementor-element elementor-element-c3b544a elementor-section-boxed elementor-section-height-default elementor-section-height-default\" data-id=\"c3b544a\" data-element_type=\"section\" data-e-type=\"section\">\n\t\t\t\t\t\t<div class=\"elementor-container elementor-column-gap-default\">\n\t\t\t\t\t<div class=\"elementor-column elementor-col-100 elementor-top-column elementor-element elementor-element-bbfadcf\" data-id=\"bbfadcf\" data-element_type=\"column\" data-e-type=\"column\">\n\t\t\t<div class=\"elementor-widget-wrap elementor-element-populated\">\n\t\t\t\t\t\t<div class=\"elementor-element elementor-element-eda7a2e elementor-widget__width-initial elementor-widget elementor-widget-text-editor\" data-id=\"eda7a2e\" data-element_type=\"widget\" data-e-type=\"widget\" data-widget_type=\"text-editor.default\">\n\t\t\t\t<div class=\"elementor-widget-container\">\n\t\t\t\t\t\t\t\t\t<p>Von links nach rechts:<\/p>\n<p><b>Roger Meili<\/b> (Medienverantwortlicher) &#8211; <b>Jamie M\u00fcller<\/b> (Pr\u00e4sidentin) &#8211; <b>Ruedi Walter<\/b> (Kassier) &#8211; <b>Irene Walter<\/b> (Aktuarin) &#8211; <b>Fredi Meier<\/b> (Eventplaner)<\/p>\t\t\t\t\t\t\t\t<\/div>\n\t\t\t\t<\/div>\n\t\t\t\t\t<\/div>\n\t\t<\/div>\n\t\t\t\t\t<\/div>\n\t\t<\/section>\n\t\t\t\t<\/div>\n\t\t","protected":false},"excerpt":{"rendered":"<p>Von links nach rechts: Roger Meili (Medienverantwortlicher) &#8211; Jamie M\u00fcller (Pr\u00e4sidentin) &#8211; Ruedi Walter (Kassier) &#8211; Irene Walter (Aktuarin) &#8211; Fredi Meier (Eventplaner)<\/p>\n","protected":false},"author":1,"featured_media":0,"parent":0,"menu_order":0,"comment_status":"closed","ping_status":"closed","template":"","meta":{"neve_meta_sidebar":"full-width","neve_meta_container":"","neve_meta_enable_content_width":"on","neve_meta_content_width":100,"neve_meta_title_alignment":"","neve_meta_author_avatar":"","neve_post_elements_order":"","neve_meta_disable_header":"","neve_meta_disable_footer":"","neve_meta_disable_title":"","footnotes":""},"class_list":["post-466","page","type-page","status-publish","hentry"],"yoast_head":"<!-- This site is optimized with the Yoast SEO plugin v27.5 - https:\/\/yoast.com\/product\/yoast-seo-wordpress\/ -->\n<title>Vorstand - IG Mehrzweckhalle L\u00f6hningen<\/title>\n<meta name=\"robots\" content=\"index, follow, max-snippet:-1, max-image-preview:large, max-video-preview:-1\" \/>\n<link rel=\"canonical\" href=\"https:\/\/ig-mehrzweckhalle-loehningen.ch\/index.php\/vorstand\/\" \/>\n<meta property=\"og:locale\" content=\"de_DE\" \/>\n<meta property=\"og:type\" content=\"article\" \/>\n<meta property=\"og:title\" content=\"Vorstand - IG Mehrzweckhalle L\u00f6hningen\" \/>\n<meta property=\"og:description\" content=\"Von links nach rechts: Roger Meili (Medienverantwortlicher) &#8211; Jamie M\u00fcller (Pr\u00e4sidentin) &#8211; Ruedi Walter (Kassier) &#8211; Irene Walter (Aktuarin) &#8211; Fredi Meier (Eventplaner)\" \/>\n<meta property=\"og:url\" content=\"https:\/\/ig-mehrzweckhalle-loehningen.ch\/index.php\/vorstand\/\" \/>\n<meta property=\"og:site_name\" content=\"IG Mehrzweckhalle L\u00f6hningen\" \/>\n<meta property=\"article:modified_time\" content=\"2025-12-02T14:51:28+00:00\" \/>\n<meta property=\"og:image\" content=\"https:\/\/ig-mehrzweckhalle-loehningen.ch\/wp-content\/uploads\/2025\/12\/IGM_2026-scaled.jpeg\" \/>\n\t<meta property=\"og:image:width\" content=\"2560\" \/>\n\t<meta property=\"og:image:height\" content=\"1920\" \/>\n\t<meta property=\"og:image:type\" content=\"image\/jpeg\" \/>\n<meta name=\"twitter:card\" content=\"summary_large_image\" \/>\n<meta name=\"twitter:label1\" content=\"Gesch\u00e4tzte Lesezeit\" \/>\n\t<meta name=\"twitter:data1\" content=\"1\u00a0Minute\" \/>\n<script type=\"application\/ld+json\" class=\"yoast-schema-graph\">{\"@context\":\"https:\\\/\\\/schema.org\",\"@graph\":[{\"@type\":\"WebPage\",\"@id\":\"https:\\\/\\\/ig-mehrzweckhalle-loehningen.ch\\\/index.php\\\/vorstand\\\/\",\"url\":\"https:\\\/\\\/ig-mehrzweckhalle-loehningen.ch\\\/index.php\\\/vorstand\\\/\",\"name\":\"Vorstand - IG Mehrzweckhalle L\u00f6hningen\",\"isPartOf\":{\"@id\":\"https:\\\/\\\/ig-mehrzweckhalle-loehningen.ch\\\/#website\"},\"primaryImageOfPage\":{\"@id\":\"https:\\\/\\\/ig-mehrzweckhalle-loehningen.ch\\\/index.php\\\/vorstand\\\/#primaryimage\"},\"image\":{\"@id\":\"https:\\\/\\\/ig-mehrzweckhalle-loehningen.ch\\\/index.php\\\/vorstand\\\/#primaryimage\"},\"thumbnailUrl\":\"https:\\\/\\\/ig-mehrzweckhalle-loehningen.ch\\\/wp-content\\\/uploads\\\/2025\\\/12\\\/IGM_2026-1024x768.jpeg\",\"datePublished\":\"2022-02-05T13:38:38+00:00\",\"dateModified\":\"2025-12-02T14:51:28+00:00\",\"breadcrumb\":{\"@id\":\"https:\\\/\\\/ig-mehrzweckhalle-loehningen.ch\\\/index.php\\\/vorstand\\\/#breadcrumb\"},\"inLanguage\":\"de\",\"potentialAction\":[{\"@type\":\"ReadAction\",\"target\":[\"https:\\\/\\\/ig-mehrzweckhalle-loehningen.ch\\\/index.php\\\/vorstand\\\/\"]}]},{\"@type\":\"ImageObject\",\"inLanguage\":\"de\",\"@id\":\"https:\\\/\\\/ig-mehrzweckhalle-loehningen.ch\\\/index.php\\\/vorstand\\\/#primaryimage\",\"url\":\"https:\\\/\\\/ig-mehrzweckhalle-loehningen.ch\\\/wp-content\\\/uploads\\\/2025\\\/12\\\/IGM_2026-scaled.jpeg\",\"contentUrl\":\"https:\\\/\\\/ig-mehrzweckhalle-loehningen.ch\\\/wp-content\\\/uploads\\\/2025\\\/12\\\/IGM_2026-scaled.jpeg\",\"width\":2560,\"height\":1920},{\"@type\":\"BreadcrumbList\",\"@id\":\"https:\\\/\\\/ig-mehrzweckhalle-loehningen.ch\\\/index.php\\\/vorstand\\\/#breadcrumb\",\"itemListElement\":[{\"@type\":\"ListItem\",\"position\":1,\"name\":\"Startseite\",\"item\":\"https:\\\/\\\/ig-mehrzweckhalle-loehningen.ch\\\/\"},{\"@type\":\"ListItem\",\"position\":2,\"name\":\"Vorstand\"}]},{\"@type\":\"WebSite\",\"@id\":\"https:\\\/\\\/ig-mehrzweckhalle-loehningen.ch\\\/#website\",\"url\":\"https:\\\/\\\/ig-mehrzweckhalle-loehningen.ch\\\/\",\"name\":\"IG Mehrzweckhalle L\u00f6hningen\",\"description\":\"Mehr Hallenkapazit\u00e4t f\u00fcr unser Dorf!\",\"publisher\":{\"@id\":\"https:\\\/\\\/ig-mehrzweckhalle-loehningen.ch\\\/#organization\"},\"potentialAction\":[{\"@type\":\"SearchAction\",\"target\":{\"@type\":\"EntryPoint\",\"urlTemplate\":\"https:\\\/\\\/ig-mehrzweckhalle-loehningen.ch\\\/?s={search_term_string}\"},\"query-input\":{\"@type\":\"PropertyValueSpecification\",\"valueRequired\":true,\"valueName\":\"search_term_string\"}}],\"inLanguage\":\"de\"},{\"@type\":\"Organization\",\"@id\":\"https:\\\/\\\/ig-mehrzweckhalle-loehningen.ch\\\/#organization\",\"name\":\"IG Mehrzweckhalle L\u00f6hningen\",\"url\":\"https:\\\/\\\/ig-mehrzweckhalle-loehningen.ch\\\/\",\"logo\":{\"@type\":\"ImageObject\",\"inLanguage\":\"de\",\"@id\":\"https:\\\/\\\/ig-mehrzweckhalle-loehningen.ch\\\/#\\\/schema\\\/logo\\\/image\\\/\",\"url\":\"https:\\\/\\\/ig-mehrzweckhalle-loehningen.ch\\\/wp-content\\\/uploads\\\/2020\\\/07\\\/logo_IGmehrzweckhalle_loehningen_v01.jpg\",\"contentUrl\":\"https:\\\/\\\/ig-mehrzweckhalle-loehningen.ch\\\/wp-content\\\/uploads\\\/2020\\\/07\\\/logo_IGmehrzweckhalle_loehningen_v01.jpg\",\"width\":1654,\"height\":709,\"caption\":\"IG Mehrzweckhalle L\u00f6hningen\"},\"image\":{\"@id\":\"https:\\\/\\\/ig-mehrzweckhalle-loehningen.ch\\\/#\\\/schema\\\/logo\\\/image\\\/\"}}]}<\/script>\n<!-- \/ Yoast SEO plugin. -->","yoast_head_json":{"title":"Vorstand - IG Mehrzweckhalle L\u00f6hningen","robots":{"index":"index","follow":"follow","max-snippet":"max-snippet:-1","max-image-preview":"max-image-preview:large","max-video-preview":"max-video-preview:-1"},"canonical":"https:\/\/ig-mehrzweckhalle-loehningen.ch\/index.php\/vorstand\/","og_locale":"de_DE","og_type":"article","og_title":"Vorstand - IG Mehrzweckhalle L\u00f6hningen","og_description":"Von links nach rechts: Roger Meili (Medienverantwortlicher) &#8211; Jamie M\u00fcller (Pr\u00e4sidentin) &#8211; Ruedi Walter (Kassier) &#8211; Irene Walter (Aktuarin) &#8211; Fredi Meier (Eventplaner)","og_url":"https:\/\/ig-mehrzweckhalle-loehningen.ch\/index.php\/vorstand\/","og_site_name":"IG Mehrzweckhalle L\u00f6hningen","article_modified_time":"2025-12-02T14:51:28+00:00","og_image":[{"width":2560,"height":1920,"url":"https:\/\/ig-mehrzweckhalle-loehningen.ch\/wp-content\/uploads\/2025\/12\/IGM_2026-scaled.jpeg","type":"image\/jpeg"}],"twitter_card":"summary_large_image","twitter_misc":{"Gesch\u00e4tzte Lesezeit":"1\u00a0Minute"},"schema":{"@context":"https:\/\/schema.org","@graph":[{"@type":"WebPage","@id":"https:\/\/ig-mehrzweckhalle-loehningen.ch\/index.php\/vorstand\/","url":"https:\/\/ig-mehrzweckhalle-loehningen.ch\/index.php\/vorstand\/","name":"Vorstand - IG Mehrzweckhalle L\u00f6hningen","isPartOf":{"@id":"https:\/\/ig-mehrzweckhalle-loehningen.ch\/#website"},"primaryImageOfPage":{"@id":"https:\/\/ig-mehrzweckhalle-loehningen.ch\/index.php\/vorstand\/#primaryimage"},"image":{"@id":"https:\/\/ig-mehrzweckhalle-loehningen.ch\/index.php\/vorstand\/#primaryimage"},"thumbnailUrl":"https:\/\/ig-mehrzweckhalle-loehningen.ch\/wp-content\/uploads\/2025\/12\/IGM_2026-1024x768.jpeg","datePublished":"2022-02-05T13:38:38+00:00","dateModified":"2025-12-02T14:51:28+00:00","breadcrumb":{"@id":"https:\/\/ig-mehrzweckhalle-loehningen.ch\/index.php\/vorstand\/#breadcrumb"},"inLanguage":"de","potentialAction":[{"@type":"ReadAction","target":["https:\/\/ig-mehrzweckhalle-loehningen.ch\/index.php\/vorstand\/"]}]},{"@type":"ImageObject","inLanguage":"de","@id":"https:\/\/ig-mehrzweckhalle-loehningen.ch\/index.php\/vorstand\/#primaryimage","url":"https:\/\/ig-mehrzweckhalle-loehningen.ch\/wp-content\/uploads\/2025\/12\/IGM_2026-scaled.jpeg","contentUrl":"https:\/\/ig-mehrzweckhalle-loehningen.ch\/wp-content\/uploads\/2025\/12\/IGM_2026-scaled.jpeg","width":2560,"height":1920},{"@type":"BreadcrumbList","@id":"https:\/\/ig-mehrzweckhalle-loehningen.ch\/index.php\/vorstand\/#breadcrumb","itemListElement":[{"@type":"ListItem","position":1,"name":"Startseite","item":"https:\/\/ig-mehrzweckhalle-loehningen.ch\/"},{"@type":"ListItem","position":2,"name":"Vorstand"}]},{"@type":"WebSite","@id":"https:\/\/ig-mehrzweckhalle-loehningen.ch\/#website","url":"https:\/\/ig-mehrzweckhalle-loehningen.ch\/","name":"IG Mehrzweckhalle L\u00f6hningen","description":"Mehr Hallenkapazit\u00e4t f\u00fcr unser Dorf!","publisher":{"@id":"https:\/\/ig-mehrzweckhalle-loehningen.ch\/#organization"},"potentialAction":[{"@type":"SearchAction","target":{"@type":"EntryPoint","urlTemplate":"https:\/\/ig-mehrzweckhalle-loehningen.ch\/?s={search_term_string}"},"query-input":{"@type":"PropertyValueSpecification","valueRequired":true,"valueName":"search_term_string"}}],"inLanguage":"de"},{"@type":"Organization","@id":"https:\/\/ig-mehrzweckhalle-loehningen.ch\/#organization","name":"IG Mehrzweckhalle L\u00f6hningen","url":"https:\/\/ig-mehrzweckhalle-loehningen.ch\/","logo":{"@type":"ImageObject","inLanguage":"de","@id":"https:\/\/ig-mehrzweckhalle-loehningen.ch\/#\/schema\/logo\/image\/","url":"https:\/\/ig-mehrzweckhalle-loehningen.ch\/wp-content\/uploads\/2020\/07\/logo_IGmehrzweckhalle_loehningen_v01.jpg","contentUrl":"https:\/\/ig-mehrzweckhalle-loehningen.ch\/wp-content\/uploads\/2020\/07\/logo_IGmehrzweckhalle_loehningen_v01.jpg","width":1654,"height":709,"caption":"IG Mehrzweckhalle L\u00f6hningen"},"image":{"@id":"https:\/\/ig-mehrzweckhalle-loehningen.ch\/#\/schema\/logo\/image\/"}}]}},"_links":{"self":[{"href":"https:\/\/ig-mehrzweckhalle-loehningen.ch\/index.php\/wp-json\/wp\/v2\/pages\/466","targetHints":{"allow":["GET"]}}],"collection":[{"href":"https:\/\/ig-mehrzweckhalle-loehningen.ch\/index.php\/wp-json\/wp\/v2\/pages"}],"about":[{"href":"https:\/\/ig-mehrzweckhalle-loehningen.ch\/index.php\/wp-json\/wp\/v2\/types\/page"}],"author":[{"embeddable":true,"href":"https:\/\/ig-mehrzweckhalle-loehningen.ch\/index.php\/wp-json\/wp\/v2\/users\/1"}],"replies":[{"embeddable":true,"href":"https:\/\/ig-mehrzweckhalle-loehningen.ch\/index.php\/wp-json\/wp\/v2\/comments?post=466"}],"version-history":[{"count":17,"href":"https:\/\/ig-mehrzweckhalle-loehningen.ch\/index.php\/wp-json\/wp\/v2\/pages\/466\/revisions"}],"predecessor-version":[{"id":655,"href":"https:\/\/ig-mehrzweckhalle-loehningen.ch\/index.php\/wp-json\/wp\/v2\/pages\/466\/revisions\/655"}],"wp:attachment":[{"href":"https:\/\/ig-mehrzweckhalle-loehningen.ch\/index.php\/wp-json\/wp\/v2\/media?parent=466"}],"curies":[{"name":"wp","href":"https:\/\/api.w.org\/{rel}","templated":true}]}}