{"id":207,"date":"2020-07-02T03:50:59","date_gmt":"2020-07-02T03:50:59","guid":{"rendered":"https:\/\/ig-sporthalle-loehningen.ch\/?page_id=207"},"modified":"2022-11-17T21:54:28","modified_gmt":"2022-11-17T21:54:28","slug":"unser-ziel","status":"publish","type":"page","link":"https:\/\/ig-mehrzweckhalle-loehningen.ch\/index.php\/unser-ziel\/","title":{"rendered":"Unser Ziel"},"content":{"rendered":"\t\t<div data-elementor-type=\"wp-page\" data-elementor-id=\"207\" class=\"elementor elementor-207\">\n\t\t\t\t\t\t<section class=\"elementor-section elementor-top-section elementor-element elementor-element-24f72f60 elementor-section-boxed elementor-section-height-default elementor-section-height-default\" data-id=\"24f72f60\" data-element_type=\"section\" data-e-type=\"section\">\n\t\t\t\t\t\t<div class=\"elementor-container elementor-column-gap-default\">\n\t\t\t\t\t<div class=\"elementor-column elementor-col-100 elementor-top-column elementor-element elementor-element-6107771d\" data-id=\"6107771d\" data-element_type=\"column\" data-e-type=\"column\">\n\t\t\t<div class=\"elementor-widget-wrap elementor-element-populated\">\n\t\t\t\t\t\t<div class=\"elementor-element elementor-element-5fcca077 elementor-widget elementor-widget-text-editor\" data-id=\"5fcca077\" data-element_type=\"widget\" data-e-type=\"widget\" data-widget_type=\"text-editor.default\">\n\t\t\t\t<div class=\"elementor-widget-container\">\n\t\t\t\t\t\t\t\t\t<p><\/p>\n<p class=\"is-layout-flow wp-block-group-is-layout-flow\">1.<strong> Name und Sitz<\/strong><\/p>\n<div>Unter dem Namen \u00abIG Mehrzweckhalle L\u00f6hningen\u00bb besteht ein Verein im Sinne von Art. 60 ff. ZGB mit Sitz in L\u00f6hningen. Er ist politisch und konfessionell unabh\u00e4ngig.<strong><br \/><\/strong><\/div>\n<div><strong>\u00a0<\/strong><\/div>\n<div><strong>2. Ziel und Zweck<\/strong><\/div>\n<div>\u00a0<\/div>\n<div>Der Verein dient der Erweiterung und Erneuerung der Mehrzweckhallen-Kapazit\u00e4t in L\u00f6hningen. Er kann alle Handlungen, welche der Erf\u00fcllung des Vereinszwecks dienlich sind, vornehmen.<\/div>\n<div><cite>\u00a0<\/cite><\/div>\n<div><cite>Auszug aus den Statuten vom 10. November 2021<\/cite><\/div>\n<div><cite>\u00a0<\/cite><\/div>\n<div>\u00a0<\/div>\n<p><\/p>\n<p><\/p>\n<p>\u00a0<\/p>\n<p><\/p>\n<p><\/p>\n<p>Unser Ziel ist es, die verschiedenen Bed\u00fcrfnisse von Schule und den vielen Freizeitvereinen in L\u00f6hningen gerecht zu werden, indem die Mehrzweckhallenkapazit\u00e4t erweitert und\/oder erneuert wird. Nachdem das erste Projekt an der Urne abgeschmettert wurde, wollen wir eine gute Basis f\u00fcr einen zweiten Anlauf legen.<\/p>\n<p><\/p>\n<p><\/p>\n<p>Unser Ziel wird es sein, m\u00f6glichst viel Geld zu sammeln, um damit dem Gemeinderat und auch den &#8222;Nein-Stimmenden&#8220; zu zeigen, dass wir bereit sind, unseren Beitrag an das oben genannte Ziel zu leisten. Dies werden wir mit Mitgliederbeitr\u00e4gen, Spenden und verschiedenen Aktionen versuchen zu erreichen.<\/p>\n<p>Wenn Sie Mitglieder werden m\u00f6chten, k\u00f6nnen Sie sich unter &#8222;Mitglied werden&#8220; anmelden. Eine Unterst\u00fctzung dieses Vereins ist nicht gleichbedeutend mit einem &#8222;Ja&#8220; bei einem n\u00e4chsten Projekt. Es wird keine Verpflichtung f\u00fcr eine politische Meinung erwartet.<\/p>\n<p><\/p>\n<p><\/p>\n<p>Wenn Sie uns mit einer Spende unterst\u00fctzen m\u00f6chten, nehmen Sie bitte <a href=\"https:\/\/ig-mehrzweckhalle-loehningen.ch\/index.php\/vorstand\/\" target=\"_blank\" rel=\"noopener\">Kontakt<\/a> mit uns auf.<\/p>\n<p><strong>Ideensammlung<\/strong><\/p>\n<p>Bitte <a href=\"https:\/\/ig-mehrzweckhalle-loehningen.ch\/wp-content\/uploads\/2022\/11\/Ideensammlung-2022.pdf\">hier<\/a> klicken f\u00fcr die Ideensammlung des Trottenfestes und der Sitzung mit den L\u00f6hninger Vereinen und Institutionen.<\/p>\n<p><\/p>\t\t\t\t\t\t\t\t<\/div>\n\t\t\t\t<\/div>\n\t\t\t\t\t<\/div>\n\t\t<\/div>\n\t\t\t\t\t<\/div>\n\t\t<\/section>\n\t\t\t\t<\/div>\n\t\t","protected":false},"excerpt":{"rendered":"<p>1. Name und Sitz Unter dem Namen \u00abIG Mehrzweckhalle L\u00f6hningen\u00bb besteht ein Verein im Sinne von Art. 60 ff. ZGB mit Sitz in L\u00f6hningen. Er ist politisch und konfessionell unabh\u00e4ngig. \u00a0 2. Ziel und Zweck \u00a0 Der Verein dient der Erweiterung und Erneuerung der Mehrzweckhallen-Kapazit\u00e4t in L\u00f6hningen. Er kann alle Handlungen, welche der Erf\u00fcllung des&hellip;&nbsp;<a href=\"https:\/\/ig-mehrzweckhalle-loehningen.ch\/index.php\/unser-ziel\/\" rel=\"bookmark\">Weiterlesen &raquo;<span class=\"screen-reader-text\">Unser Ziel<\/span><\/a><\/p>\n","protected":false},"author":1,"featured_media":0,"parent":0,"menu_order":0,"comment_status":"closed","ping_status":"closed","template":"","meta":{"neve_meta_sidebar":"","neve_meta_container":"","neve_meta_enable_content_width":"","neve_meta_content_width":0,"neve_meta_title_alignment":"","neve_meta_author_avatar":"","neve_post_elements_order":"","neve_meta_disable_header":"","neve_meta_disable_footer":"","neve_meta_disable_title":"","footnotes":""},"class_list":["post-207","page","type-page","status-publish","hentry"],"yoast_head":"<!-- This site is optimized with the Yoast SEO plugin v27.5 - https:\/\/yoast.com\/product\/yoast-seo-wordpress\/ -->\n<title>Unser Ziel - IG Mehrzweckhalle L\u00f6hningen<\/title>\n<meta name=\"description\" content=\"Ziel des Vereins ist die Erneuerung und\/oder Erweiterungen der Kapazit\u00e4t der Mehrzweckhalle in L\u00f6hningen\" \/>\n<meta name=\"robots\" content=\"index, follow, max-snippet:-1, max-image-preview:large, max-video-preview:-1\" \/>\n<link rel=\"canonical\" href=\"https:\/\/ig-mehrzweckhalle-loehningen.ch\/index.php\/unser-ziel\/\" \/>\n<meta property=\"og:locale\" content=\"de_DE\" \/>\n<meta property=\"og:type\" content=\"article\" \/>\n<meta property=\"og:title\" content=\"Unser Ziel - IG Mehrzweckhalle L\u00f6hningen\" \/>\n<meta property=\"og:description\" content=\"Ziel des Vereins ist die Erneuerung und\/oder Erweiterungen der Kapazit\u00e4t der Mehrzweckhalle in L\u00f6hningen\" \/>\n<meta property=\"og:url\" content=\"https:\/\/ig-mehrzweckhalle-loehningen.ch\/index.php\/unser-ziel\/\" \/>\n<meta property=\"og:site_name\" content=\"IG Mehrzweckhalle L\u00f6hningen\" \/>\n<meta property=\"article:modified_time\" content=\"2022-11-17T21:54:28+00:00\" \/>\n<meta name=\"twitter:card\" content=\"summary_large_image\" \/>\n<meta name=\"twitter:label1\" content=\"Gesch\u00e4tzte Lesezeit\" \/>\n\t<meta name=\"twitter:data1\" content=\"2\u00a0Minuten\" \/>\n<script type=\"application\/ld+json\" class=\"yoast-schema-graph\">{\"@context\":\"https:\\\/\\\/schema.org\",\"@graph\":[{\"@type\":\"WebPage\",\"@id\":\"https:\\\/\\\/ig-mehrzweckhalle-loehningen.ch\\\/index.php\\\/unser-ziel\\\/\",\"url\":\"https:\\\/\\\/ig-mehrzweckhalle-loehningen.ch\\\/index.php\\\/unser-ziel\\\/\",\"name\":\"Unser Ziel - IG Mehrzweckhalle L\u00f6hningen\",\"isPartOf\":{\"@id\":\"https:\\\/\\\/ig-mehrzweckhalle-loehningen.ch\\\/#website\"},\"datePublished\":\"2020-07-02T03:50:59+00:00\",\"dateModified\":\"2022-11-17T21:54:28+00:00\",\"description\":\"Ziel des Vereins ist die Erneuerung und\\\/oder Erweiterungen der Kapazit\u00e4t der Mehrzweckhalle in L\u00f6hningen\",\"breadcrumb\":{\"@id\":\"https:\\\/\\\/ig-mehrzweckhalle-loehningen.ch\\\/index.php\\\/unser-ziel\\\/#breadcrumb\"},\"inLanguage\":\"de\",\"potentialAction\":[{\"@type\":\"ReadAction\",\"target\":[\"https:\\\/\\\/ig-mehrzweckhalle-loehningen.ch\\\/index.php\\\/unser-ziel\\\/\"]}]},{\"@type\":\"BreadcrumbList\",\"@id\":\"https:\\\/\\\/ig-mehrzweckhalle-loehningen.ch\\\/index.php\\\/unser-ziel\\\/#breadcrumb\",\"itemListElement\":[{\"@type\":\"ListItem\",\"position\":1,\"name\":\"Startseite\",\"item\":\"https:\\\/\\\/ig-mehrzweckhalle-loehningen.ch\\\/\"},{\"@type\":\"ListItem\",\"position\":2,\"name\":\"Unser Ziel\"}]},{\"@type\":\"WebSite\",\"@id\":\"https:\\\/\\\/ig-mehrzweckhalle-loehningen.ch\\\/#website\",\"url\":\"https:\\\/\\\/ig-mehrzweckhalle-loehningen.ch\\\/\",\"name\":\"IG Mehrzweckhalle L\u00f6hningen\",\"description\":\"Mehr Hallenkapazit\u00e4t f\u00fcr unser Dorf!\",\"publisher\":{\"@id\":\"https:\\\/\\\/ig-mehrzweckhalle-loehningen.ch\\\/#organization\"},\"potentialAction\":[{\"@type\":\"SearchAction\",\"target\":{\"@type\":\"EntryPoint\",\"urlTemplate\":\"https:\\\/\\\/ig-mehrzweckhalle-loehningen.ch\\\/?s={search_term_string}\"},\"query-input\":{\"@type\":\"PropertyValueSpecification\",\"valueRequired\":true,\"valueName\":\"search_term_string\"}}],\"inLanguage\":\"de\"},{\"@type\":\"Organization\",\"@id\":\"https:\\\/\\\/ig-mehrzweckhalle-loehningen.ch\\\/#organization\",\"name\":\"IG Mehrzweckhalle L\u00f6hningen\",\"url\":\"https:\\\/\\\/ig-mehrzweckhalle-loehningen.ch\\\/\",\"logo\":{\"@type\":\"ImageObject\",\"inLanguage\":\"de\",\"@id\":\"https:\\\/\\\/ig-mehrzweckhalle-loehningen.ch\\\/#\\\/schema\\\/logo\\\/image\\\/\",\"url\":\"https:\\\/\\\/ig-mehrzweckhalle-loehningen.ch\\\/wp-content\\\/uploads\\\/2020\\\/07\\\/logo_IGmehrzweckhalle_loehningen_v01.jpg\",\"contentUrl\":\"https:\\\/\\\/ig-mehrzweckhalle-loehningen.ch\\\/wp-content\\\/uploads\\\/2020\\\/07\\\/logo_IGmehrzweckhalle_loehningen_v01.jpg\",\"width\":1654,\"height\":709,\"caption\":\"IG Mehrzweckhalle L\u00f6hningen\"},\"image\":{\"@id\":\"https:\\\/\\\/ig-mehrzweckhalle-loehningen.ch\\\/#\\\/schema\\\/logo\\\/image\\\/\"}}]}<\/script>\n<!-- \/ Yoast SEO plugin. -->","yoast_head_json":{"title":"Unser Ziel - IG Mehrzweckhalle L\u00f6hningen","description":"Ziel des Vereins ist die Erneuerung und\/oder Erweiterungen der Kapazit\u00e4t der Mehrzweckhalle in L\u00f6hningen","robots":{"index":"index","follow":"follow","max-snippet":"max-snippet:-1","max-image-preview":"max-image-preview:large","max-video-preview":"max-video-preview:-1"},"canonical":"https:\/\/ig-mehrzweckhalle-loehningen.ch\/index.php\/unser-ziel\/","og_locale":"de_DE","og_type":"article","og_title":"Unser Ziel - IG Mehrzweckhalle L\u00f6hningen","og_description":"Ziel des Vereins ist die Erneuerung und\/oder Erweiterungen der Kapazit\u00e4t der Mehrzweckhalle in L\u00f6hningen","og_url":"https:\/\/ig-mehrzweckhalle-loehningen.ch\/index.php\/unser-ziel\/","og_site_name":"IG Mehrzweckhalle L\u00f6hningen","article_modified_time":"2022-11-17T21:54:28+00:00","twitter_card":"summary_large_image","twitter_misc":{"Gesch\u00e4tzte Lesezeit":"2\u00a0Minuten"},"schema":{"@context":"https:\/\/schema.org","@graph":[{"@type":"WebPage","@id":"https:\/\/ig-mehrzweckhalle-loehningen.ch\/index.php\/unser-ziel\/","url":"https:\/\/ig-mehrzweckhalle-loehningen.ch\/index.php\/unser-ziel\/","name":"Unser Ziel - IG Mehrzweckhalle L\u00f6hningen","isPartOf":{"@id":"https:\/\/ig-mehrzweckhalle-loehningen.ch\/#website"},"datePublished":"2020-07-02T03:50:59+00:00","dateModified":"2022-11-17T21:54:28+00:00","description":"Ziel des Vereins ist die Erneuerung und\/oder Erweiterungen der Kapazit\u00e4t der Mehrzweckhalle in L\u00f6hningen","breadcrumb":{"@id":"https:\/\/ig-mehrzweckhalle-loehningen.ch\/index.php\/unser-ziel\/#breadcrumb"},"inLanguage":"de","potentialAction":[{"@type":"ReadAction","target":["https:\/\/ig-mehrzweckhalle-loehningen.ch\/index.php\/unser-ziel\/"]}]},{"@type":"BreadcrumbList","@id":"https:\/\/ig-mehrzweckhalle-loehningen.ch\/index.php\/unser-ziel\/#breadcrumb","itemListElement":[{"@type":"ListItem","position":1,"name":"Startseite","item":"https:\/\/ig-mehrzweckhalle-loehningen.ch\/"},{"@type":"ListItem","position":2,"name":"Unser Ziel"}]},{"@type":"WebSite","@id":"https:\/\/ig-mehrzweckhalle-loehningen.ch\/#website","url":"https:\/\/ig-mehrzweckhalle-loehningen.ch\/","name":"IG Mehrzweckhalle L\u00f6hningen","description":"Mehr Hallenkapazit\u00e4t f\u00fcr unser Dorf!","publisher":{"@id":"https:\/\/ig-mehrzweckhalle-loehningen.ch\/#organization"},"potentialAction":[{"@type":"SearchAction","target":{"@type":"EntryPoint","urlTemplate":"https:\/\/ig-mehrzweckhalle-loehningen.ch\/?s={search_term_string}"},"query-input":{"@type":"PropertyValueSpecification","valueRequired":true,"valueName":"search_term_string"}}],"inLanguage":"de"},{"@type":"Organization","@id":"https:\/\/ig-mehrzweckhalle-loehningen.ch\/#organization","name":"IG Mehrzweckhalle L\u00f6hningen","url":"https:\/\/ig-mehrzweckhalle-loehningen.ch\/","logo":{"@type":"ImageObject","inLanguage":"de","@id":"https:\/\/ig-mehrzweckhalle-loehningen.ch\/#\/schema\/logo\/image\/","url":"https:\/\/ig-mehrzweckhalle-loehningen.ch\/wp-content\/uploads\/2020\/07\/logo_IGmehrzweckhalle_loehningen_v01.jpg","contentUrl":"https:\/\/ig-mehrzweckhalle-loehningen.ch\/wp-content\/uploads\/2020\/07\/logo_IGmehrzweckhalle_loehningen_v01.jpg","width":1654,"height":709,"caption":"IG Mehrzweckhalle L\u00f6hningen"},"image":{"@id":"https:\/\/ig-mehrzweckhalle-loehningen.ch\/#\/schema\/logo\/image\/"}}]}},"_links":{"self":[{"href":"https:\/\/ig-mehrzweckhalle-loehningen.ch\/index.php\/wp-json\/wp\/v2\/pages\/207","targetHints":{"allow":["GET"]}}],"collection":[{"href":"https:\/\/ig-mehrzweckhalle-loehningen.ch\/index.php\/wp-json\/wp\/v2\/pages"}],"about":[{"href":"https:\/\/ig-mehrzweckhalle-loehningen.ch\/index.php\/wp-json\/wp\/v2\/types\/page"}],"author":[{"embeddable":true,"href":"https:\/\/ig-mehrzweckhalle-loehningen.ch\/index.php\/wp-json\/wp\/v2\/users\/1"}],"replies":[{"embeddable":true,"href":"https:\/\/ig-mehrzweckhalle-loehningen.ch\/index.php\/wp-json\/wp\/v2\/comments?post=207"}],"version-history":[{"count":26,"href":"https:\/\/ig-mehrzweckhalle-loehningen.ch\/index.php\/wp-json\/wp\/v2\/pages\/207\/revisions"}],"predecessor-version":[{"id":559,"href":"https:\/\/ig-mehrzweckhalle-loehningen.ch\/index.php\/wp-json\/wp\/v2\/pages\/207\/revisions\/559"}],"wp:attachment":[{"href":"https:\/\/ig-mehrzweckhalle-loehningen.ch\/index.php\/wp-json\/wp\/v2\/media?parent=207"}],"curies":[{"name":"wp","href":"https:\/\/api.w.org\/{rel}","templated":true}]}}