{"id":157,"date":"2020-03-20T16:21:51","date_gmt":"2020-03-20T16:21:51","guid":{"rendered":"https:\/\/ig-sporthalle-loehningen.ch\/?page_id=157"},"modified":"2026-03-19T21:34:13","modified_gmt":"2026-03-19T21:34:13","slug":"herzlich-willkommen","status":"publish","type":"page","link":"https:\/\/ig-mehrzweckhalle-loehningen.ch\/","title":{"rendered":"Herzlich willkommen!"},"content":{"rendered":"\t\t<div data-elementor-type=\"wp-page\" data-elementor-id=\"157\" class=\"elementor elementor-157\">\n\t\t\t\t\t\t<section class=\"elementor-section elementor-top-section elementor-element elementor-element-1b3ec4a6 elementor-section-boxed elementor-section-height-default elementor-section-height-default\" data-id=\"1b3ec4a6\" data-element_type=\"section\" data-e-type=\"section\">\n\t\t\t\t\t\t<div class=\"elementor-container elementor-column-gap-default\">\n\t\t\t\t\t<div class=\"elementor-column elementor-col-100 elementor-top-column elementor-element elementor-element-19d9b9db\" data-id=\"19d9b9db\" data-element_type=\"column\" data-e-type=\"column\">\n\t\t\t<div class=\"elementor-widget-wrap elementor-element-populated\">\n\t\t\t\t\t\t<div class=\"elementor-element elementor-element-668f5df4 elementor-widget elementor-widget-text-editor\" data-id=\"668f5df4\" data-element_type=\"widget\" data-e-type=\"widget\" data-widget_type=\"text-editor.default\">\n\t\t\t\t<div class=\"elementor-widget-container\">\n\t\t\t\t\t\t\t\t\t<p><img fetchpriority=\"high\" decoding=\"async\" src=\"https:\/\/ig-mehrzweckhalle-loehningen.ch\/wp-content\/uploads\/2020\/07\/logo_IGmehrzweckhalle_loehningen_v01-768x329.jpg\" sizes=\"(max-width: 768px) 100vw, 768px\" srcset=\"https:\/\/ig-mehrzweckhalle-loehningen.ch\/wp-content\/uploads\/2020\/07\/logo_IGmehrzweckhalle_loehningen_v01-768x329.jpg 768w, https:\/\/ig-mehrzweckhalle-loehningen.ch\/wp-content\/uploads\/2020\/07\/logo_IGmehrzweckhalle_loehningen_v01-300x129.jpg 300w, https:\/\/ig-mehrzweckhalle-loehningen.ch\/wp-content\/uploads\/2020\/07\/logo_IGmehrzweckhalle_loehningen_v01-1024x439.jpg 1024w, https:\/\/ig-mehrzweckhalle-loehningen.ch\/wp-content\/uploads\/2020\/07\/logo_IGmehrzweckhalle_loehningen_v01-1536x658.jpg 1536w, https:\/\/ig-mehrzweckhalle-loehningen.ch\/wp-content\/uploads\/2020\/07\/logo_IGmehrzweckhalle_loehningen_v01.jpg 1654w\" alt=\"\" width=\"768\" height=\"329\"><\/p>\n<p>Auf unserer Seite finden Sie alle Informationen rund um unser Ziel, die Hallensituation in L\u00f6hningen zu verbessern. Bei Fragen k\u00f6nnen Sie uns gerne kontaktieren, sie finden die entsprechenden Informationen unter &#8222;<a href=\"https:\/\/ig-mehrzweckhalle-loehningen.ch\/index.php\/vorstand\/\">Vorstand<\/a>&#8222;.<\/p>\n<h4><b>Unsere n\u00e4chsten Termine:<\/b><\/h4>\n<p><b style=\"font-family: var( --e-global-typography-text-font-family ), Sans-serif; font-size: var(--bodyfontsize); letter-spacing: var(--bodyletterspacing); text-transform: var(--bodytexttransform);\">Austausch mit den Vereinen<\/b><b>&nbsp; &nbsp;&nbsp;<br><\/b>&#8211; Donnerstag, 15. Januar 2026<\/p>\n<p><b><a href=\"https:\/\/www.coopgemeindeduell.ch\/de\/participant\">Gemeindeduell von Coop &nbsp; &nbsp;<br><\/a><\/b>&#8211; vom 01. bis 31. Mai 2026 (ganzer Mai)<\/p>\n<p><b>Bannwanderung<\/b><b>&nbsp;(Geburtstag)<\/b><br>&#8211; Mittwoch, 1. Juli 2026<br><b><br>Rebberglauf im Rahmen<\/b><b>&nbsp;der Bundesfeier<\/b><br>&#8211; Samstag, 1. August 2026<br><b><br><\/b><b>Fiirobedkonzert in der Trotte (Musikgesellschaft L\u00f6hningen) &nbsp; &nbsp;<br><\/b>&#8211; Freitag, 14. August 2026<\/p>\n<p><b>Trottenfest<\/b><br>&#8211; Freitag &#8211; Sonntag, 25.- 27. September 2026<br><b><br>Generalversammlung (GV)&nbsp;<br><\/b>&#8211; Mittwoch, 4. November 2026 \/ 19.00 h<br><b><br>Austausch mit den Vereinen<br><\/b>&#8211; Donnerstag, 12. November 2026 \/ 19.00 h<\/p>\n<p><\/p>\n<p><\/p>\t\t\t\t\t\t\t\t<\/div>\n\t\t\t\t<\/div>\n\t\t\t\t\t<\/div>\n\t\t<\/div>\n\t\t\t\t\t<\/div>\n\t\t<\/section>\n\t\t\t\t<\/div>\n\t\t","protected":false},"excerpt":{"rendered":"<p>Auf unserer Seite finden Sie alle Informationen rund um unser Ziel, die Hallensituation in L\u00f6hningen zu verbessern. Bei Fragen k\u00f6nnen Sie uns gerne kontaktieren, sie finden die entsprechenden Informationen unter &#8222;Vorstand&#8222;. Unsere n\u00e4chsten Termine: Austausch mit den Vereinen&nbsp; &nbsp;&nbsp;&#8211; Donnerstag, 15. Januar 2026 Gemeindeduell von Coop &nbsp; &nbsp;&#8211; vom 01. bis 31. Mai 2026 (ganzer&hellip;&nbsp;<a href=\"https:\/\/ig-mehrzweckhalle-loehningen.ch\/\" rel=\"bookmark\">Weiterlesen &raquo;<span class=\"screen-reader-text\">Herzlich willkommen!<\/span><\/a><\/p>\n","protected":false},"author":1,"featured_media":0,"parent":0,"menu_order":0,"comment_status":"closed","ping_status":"closed","template":"","meta":{"neve_meta_sidebar":"","neve_meta_container":"","neve_meta_enable_content_width":"","neve_meta_content_width":0,"neve_meta_title_alignment":"","neve_meta_author_avatar":"","neve_post_elements_order":"","neve_meta_disable_header":"","neve_meta_disable_footer":"","neve_meta_disable_title":"","footnotes":""},"class_list":["post-157","page","type-page","status-publish","hentry"],"yoast_head":"<!-- This site is optimized with the Yoast SEO plugin v27.5 - https:\/\/yoast.com\/product\/yoast-seo-wordpress\/ -->\n<title>Herzlich willkommen! - IG Mehrzweckhalle L\u00f6hningen Mehrzweckhalle<\/title>\n<meta name=\"description\" content=\"Mehr Raum f\u00fcr L\u00f6hningen. Finde alle Informationen rund um die IG Mehrzweckhalle L\u00f6hningen auf unserer Homepage.\" \/>\n<meta name=\"robots\" content=\"index, follow, max-snippet:-1, max-image-preview:large, max-video-preview:-1\" \/>\n<link rel=\"canonical\" href=\"https:\/\/ig-mehrzweckhalle-loehningen.ch\/\" \/>\n<meta property=\"og:locale\" content=\"de_DE\" \/>\n<meta property=\"og:type\" content=\"article\" \/>\n<meta property=\"og:title\" content=\"Herzlich willkommen! - IG Mehrzweckhalle L\u00f6hningen Mehrzweckhalle\" \/>\n<meta property=\"og:description\" content=\"Mehr Raum f\u00fcr L\u00f6hningen. Finde alle Informationen rund um die IG Mehrzweckhalle L\u00f6hningen auf unserer Homepage.\" \/>\n<meta property=\"og:url\" content=\"https:\/\/ig-mehrzweckhalle-loehningen.ch\/\" \/>\n<meta property=\"og:site_name\" content=\"IG Mehrzweckhalle L\u00f6hningen\" \/>\n<meta property=\"article:modified_time\" content=\"2026-03-19T21:34:13+00:00\" \/>\n<meta property=\"og:image\" content=\"https:\/\/ig-mehrzweckhalle-loehningen.ch\/wp-content\/uploads\/2020\/07\/logo_IGmehrzweckhalle_loehningen_v01-768x329.jpg\" \/>\n<meta name=\"twitter:card\" content=\"summary_large_image\" \/>\n<meta name=\"twitter:label1\" content=\"Gesch\u00e4tzte Lesezeit\" \/>\n\t<meta name=\"twitter:data1\" content=\"1\u00a0Minute\" \/>\n<script type=\"application\/ld+json\" class=\"yoast-schema-graph\">{\"@context\":\"https:\\\/\\\/schema.org\",\"@graph\":[{\"@type\":\"WebPage\",\"@id\":\"https:\\\/\\\/ig-mehrzweckhalle-loehningen.ch\\\/\",\"url\":\"https:\\\/\\\/ig-mehrzweckhalle-loehningen.ch\\\/\",\"name\":\"Herzlich willkommen! - IG Mehrzweckhalle L\u00f6hningen Mehrzweckhalle\",\"isPartOf\":{\"@id\":\"https:\\\/\\\/ig-mehrzweckhalle-loehningen.ch\\\/#website\"},\"primaryImageOfPage\":{\"@id\":\"https:\\\/\\\/ig-mehrzweckhalle-loehningen.ch\\\/#primaryimage\"},\"image\":{\"@id\":\"https:\\\/\\\/ig-mehrzweckhalle-loehningen.ch\\\/#primaryimage\"},\"thumbnailUrl\":\"https:\\\/\\\/ig-mehrzweckhalle-loehningen.ch\\\/wp-content\\\/uploads\\\/2020\\\/07\\\/logo_IGmehrzweckhalle_loehningen_v01-768x329.jpg\",\"datePublished\":\"2020-03-20T16:21:51+00:00\",\"dateModified\":\"2026-03-19T21:34:13+00:00\",\"description\":\"Mehr Raum f\u00fcr L\u00f6hningen. Finde alle Informationen rund um die IG Mehrzweckhalle L\u00f6hningen auf unserer Homepage.\",\"breadcrumb\":{\"@id\":\"https:\\\/\\\/ig-mehrzweckhalle-loehningen.ch\\\/#breadcrumb\"},\"inLanguage\":\"de\",\"potentialAction\":[{\"@type\":\"ReadAction\",\"target\":[\"https:\\\/\\\/ig-mehrzweckhalle-loehningen.ch\\\/\"]}]},{\"@type\":\"ImageObject\",\"inLanguage\":\"de\",\"@id\":\"https:\\\/\\\/ig-mehrzweckhalle-loehningen.ch\\\/#primaryimage\",\"url\":\"https:\\\/\\\/ig-mehrzweckhalle-loehningen.ch\\\/wp-content\\\/uploads\\\/2020\\\/07\\\/logo_IGmehrzweckhalle_loehningen_v01.jpg\",\"contentUrl\":\"https:\\\/\\\/ig-mehrzweckhalle-loehningen.ch\\\/wp-content\\\/uploads\\\/2020\\\/07\\\/logo_IGmehrzweckhalle_loehningen_v01.jpg\",\"width\":1654,\"height\":709},{\"@type\":\"BreadcrumbList\",\"@id\":\"https:\\\/\\\/ig-mehrzweckhalle-loehningen.ch\\\/#breadcrumb\",\"itemListElement\":[{\"@type\":\"ListItem\",\"position\":1,\"name\":\"Startseite\",\"item\":\"https:\\\/\\\/ig-mehrzweckhalle-loehningen.ch\\\/\"},{\"@type\":\"ListItem\",\"position\":2,\"name\":\"Herzlich willkommen!\"}]},{\"@type\":\"WebSite\",\"@id\":\"https:\\\/\\\/ig-mehrzweckhalle-loehningen.ch\\\/#website\",\"url\":\"https:\\\/\\\/ig-mehrzweckhalle-loehningen.ch\\\/\",\"name\":\"IG Mehrzweckhalle L\u00f6hningen\",\"description\":\"Mehr Hallenkapazit\u00e4t f\u00fcr unser Dorf!\",\"publisher\":{\"@id\":\"https:\\\/\\\/ig-mehrzweckhalle-loehningen.ch\\\/#organization\"},\"potentialAction\":[{\"@type\":\"SearchAction\",\"target\":{\"@type\":\"EntryPoint\",\"urlTemplate\":\"https:\\\/\\\/ig-mehrzweckhalle-loehningen.ch\\\/?s={search_term_string}\"},\"query-input\":{\"@type\":\"PropertyValueSpecification\",\"valueRequired\":true,\"valueName\":\"search_term_string\"}}],\"inLanguage\":\"de\"},{\"@type\":\"Organization\",\"@id\":\"https:\\\/\\\/ig-mehrzweckhalle-loehningen.ch\\\/#organization\",\"name\":\"IG Mehrzweckhalle L\u00f6hningen\",\"url\":\"https:\\\/\\\/ig-mehrzweckhalle-loehningen.ch\\\/\",\"logo\":{\"@type\":\"ImageObject\",\"inLanguage\":\"de\",\"@id\":\"https:\\\/\\\/ig-mehrzweckhalle-loehningen.ch\\\/#\\\/schema\\\/logo\\\/image\\\/\",\"url\":\"https:\\\/\\\/ig-mehrzweckhalle-loehningen.ch\\\/wp-content\\\/uploads\\\/2020\\\/07\\\/logo_IGmehrzweckhalle_loehningen_v01.jpg\",\"contentUrl\":\"https:\\\/\\\/ig-mehrzweckhalle-loehningen.ch\\\/wp-content\\\/uploads\\\/2020\\\/07\\\/logo_IGmehrzweckhalle_loehningen_v01.jpg\",\"width\":1654,\"height\":709,\"caption\":\"IG Mehrzweckhalle L\u00f6hningen\"},\"image\":{\"@id\":\"https:\\\/\\\/ig-mehrzweckhalle-loehningen.ch\\\/#\\\/schema\\\/logo\\\/image\\\/\"}}]}<\/script>\n<!-- \/ Yoast SEO plugin. -->","yoast_head_json":{"title":"Herzlich willkommen! - IG Mehrzweckhalle L\u00f6hningen Mehrzweckhalle","description":"Mehr Raum f\u00fcr L\u00f6hningen. Finde alle Informationen rund um die IG Mehrzweckhalle L\u00f6hningen auf unserer Homepage.","robots":{"index":"index","follow":"follow","max-snippet":"max-snippet:-1","max-image-preview":"max-image-preview:large","max-video-preview":"max-video-preview:-1"},"canonical":"https:\/\/ig-mehrzweckhalle-loehningen.ch\/","og_locale":"de_DE","og_type":"article","og_title":"Herzlich willkommen! - IG Mehrzweckhalle L\u00f6hningen Mehrzweckhalle","og_description":"Mehr Raum f\u00fcr L\u00f6hningen. Finde alle Informationen rund um die IG Mehrzweckhalle L\u00f6hningen auf unserer Homepage.","og_url":"https:\/\/ig-mehrzweckhalle-loehningen.ch\/","og_site_name":"IG Mehrzweckhalle L\u00f6hningen","article_modified_time":"2026-03-19T21:34:13+00:00","og_image":[{"url":"https:\/\/ig-mehrzweckhalle-loehningen.ch\/wp-content\/uploads\/2020\/07\/logo_IGmehrzweckhalle_loehningen_v01-768x329.jpg","type":"","width":"","height":""}],"twitter_card":"summary_large_image","twitter_misc":{"Gesch\u00e4tzte Lesezeit":"1\u00a0Minute"},"schema":{"@context":"https:\/\/schema.org","@graph":[{"@type":"WebPage","@id":"https:\/\/ig-mehrzweckhalle-loehningen.ch\/","url":"https:\/\/ig-mehrzweckhalle-loehningen.ch\/","name":"Herzlich willkommen! - IG Mehrzweckhalle L\u00f6hningen Mehrzweckhalle","isPartOf":{"@id":"https:\/\/ig-mehrzweckhalle-loehningen.ch\/#website"},"primaryImageOfPage":{"@id":"https:\/\/ig-mehrzweckhalle-loehningen.ch\/#primaryimage"},"image":{"@id":"https:\/\/ig-mehrzweckhalle-loehningen.ch\/#primaryimage"},"thumbnailUrl":"https:\/\/ig-mehrzweckhalle-loehningen.ch\/wp-content\/uploads\/2020\/07\/logo_IGmehrzweckhalle_loehningen_v01-768x329.jpg","datePublished":"2020-03-20T16:21:51+00:00","dateModified":"2026-03-19T21:34:13+00:00","description":"Mehr Raum f\u00fcr L\u00f6hningen. Finde alle Informationen rund um die IG Mehrzweckhalle L\u00f6hningen auf unserer Homepage.","breadcrumb":{"@id":"https:\/\/ig-mehrzweckhalle-loehningen.ch\/#breadcrumb"},"inLanguage":"de","potentialAction":[{"@type":"ReadAction","target":["https:\/\/ig-mehrzweckhalle-loehningen.ch\/"]}]},{"@type":"ImageObject","inLanguage":"de","@id":"https:\/\/ig-mehrzweckhalle-loehningen.ch\/#primaryimage","url":"https:\/\/ig-mehrzweckhalle-loehningen.ch\/wp-content\/uploads\/2020\/07\/logo_IGmehrzweckhalle_loehningen_v01.jpg","contentUrl":"https:\/\/ig-mehrzweckhalle-loehningen.ch\/wp-content\/uploads\/2020\/07\/logo_IGmehrzweckhalle_loehningen_v01.jpg","width":1654,"height":709},{"@type":"BreadcrumbList","@id":"https:\/\/ig-mehrzweckhalle-loehningen.ch\/#breadcrumb","itemListElement":[{"@type":"ListItem","position":1,"name":"Startseite","item":"https:\/\/ig-mehrzweckhalle-loehningen.ch\/"},{"@type":"ListItem","position":2,"name":"Herzlich willkommen!"}]},{"@type":"WebSite","@id":"https:\/\/ig-mehrzweckhalle-loehningen.ch\/#website","url":"https:\/\/ig-mehrzweckhalle-loehningen.ch\/","name":"IG Mehrzweckhalle L\u00f6hningen","description":"Mehr Hallenkapazit\u00e4t f\u00fcr unser Dorf!","publisher":{"@id":"https:\/\/ig-mehrzweckhalle-loehningen.ch\/#organization"},"potentialAction":[{"@type":"SearchAction","target":{"@type":"EntryPoint","urlTemplate":"https:\/\/ig-mehrzweckhalle-loehningen.ch\/?s={search_term_string}"},"query-input":{"@type":"PropertyValueSpecification","valueRequired":true,"valueName":"search_term_string"}}],"inLanguage":"de"},{"@type":"Organization","@id":"https:\/\/ig-mehrzweckhalle-loehningen.ch\/#organization","name":"IG Mehrzweckhalle L\u00f6hningen","url":"https:\/\/ig-mehrzweckhalle-loehningen.ch\/","logo":{"@type":"ImageObject","inLanguage":"de","@id":"https:\/\/ig-mehrzweckhalle-loehningen.ch\/#\/schema\/logo\/image\/","url":"https:\/\/ig-mehrzweckhalle-loehningen.ch\/wp-content\/uploads\/2020\/07\/logo_IGmehrzweckhalle_loehningen_v01.jpg","contentUrl":"https:\/\/ig-mehrzweckhalle-loehningen.ch\/wp-content\/uploads\/2020\/07\/logo_IGmehrzweckhalle_loehningen_v01.jpg","width":1654,"height":709,"caption":"IG Mehrzweckhalle L\u00f6hningen"},"image":{"@id":"https:\/\/ig-mehrzweckhalle-loehningen.ch\/#\/schema\/logo\/image\/"}}]}},"_links":{"self":[{"href":"https:\/\/ig-mehrzweckhalle-loehningen.ch\/index.php\/wp-json\/wp\/v2\/pages\/157","targetHints":{"allow":["GET"]}}],"collection":[{"href":"https:\/\/ig-mehrzweckhalle-loehningen.ch\/index.php\/wp-json\/wp\/v2\/pages"}],"about":[{"href":"https:\/\/ig-mehrzweckhalle-loehningen.ch\/index.php\/wp-json\/wp\/v2\/types\/page"}],"author":[{"embeddable":true,"href":"https:\/\/ig-mehrzweckhalle-loehningen.ch\/index.php\/wp-json\/wp\/v2\/users\/1"}],"replies":[{"embeddable":true,"href":"https:\/\/ig-mehrzweckhalle-loehningen.ch\/index.php\/wp-json\/wp\/v2\/comments?post=157"}],"version-history":[{"count":106,"href":"https:\/\/ig-mehrzweckhalle-loehningen.ch\/index.php\/wp-json\/wp\/v2\/pages\/157\/revisions"}],"predecessor-version":[{"id":716,"href":"https:\/\/ig-mehrzweckhalle-loehningen.ch\/index.php\/wp-json\/wp\/v2\/pages\/157\/revisions\/716"}],"wp:attachment":[{"href":"https:\/\/ig-mehrzweckhalle-loehningen.ch\/index.php\/wp-json\/wp\/v2\/media?parent=157"}],"curies":[{"name":"wp","href":"https:\/\/api.w.org\/{rel}","templated":true}]}}