{"id":142,"date":"2020-03-20T16:00:13","date_gmt":"2020-03-20T16:00:13","guid":{"rendered":"https:\/\/ig-sporthalle-loehningen.ch\/?page_id=142"},"modified":"2022-03-14T16:54:08","modified_gmt":"2022-03-14T16:54:08","slug":"downloads","status":"publish","type":"page","link":"https:\/\/ig-mehrzweckhalle-loehningen.ch\/index.php\/downloads\/","title":{"rendered":"Downloads"},"content":{"rendered":"\t\t<div data-elementor-type=\"wp-page\" data-elementor-id=\"142\" class=\"elementor elementor-142\">\n\t\t\t\t\t\t<section class=\"elementor-section elementor-top-section elementor-element elementor-element-41fe8ff elementor-section-boxed elementor-section-height-default elementor-section-height-default\" data-id=\"41fe8ff\" data-element_type=\"section\" data-e-type=\"section\">\n\t\t\t\t\t\t<div class=\"elementor-container elementor-column-gap-default\">\n\t\t\t\t\t<div class=\"elementor-column elementor-col-100 elementor-top-column elementor-element elementor-element-1b7113f\" data-id=\"1b7113f\" data-element_type=\"column\" data-e-type=\"column\">\n\t\t\t<div class=\"elementor-widget-wrap elementor-element-populated\">\n\t\t\t\t\t\t<div class=\"elementor-element elementor-element-d87e8ec elementor-widget elementor-widget-text-editor\" data-id=\"d87e8ec\" data-element_type=\"widget\" data-e-type=\"widget\" data-widget_type=\"text-editor.default\">\n\t\t\t\t<div class=\"elementor-widget-container\">\n\t\t\t\t\t\t\t\t\t<h4>Statuten<\/h4><p><a href=\"https:\/\/ig-mehrzweckhalle-loehningen.ch\/wp-content\/uploads\/2021\/11\/Statuten-V02.pdf\">Statuten<\/a><a> V02<\/a> &#8211; angepasst 10.11.2021 (pdf)<\/p><p><a href=\"https:\/\/acrobat.adobe.com\/ch\/de\/acrobat\/pdf-reader.html\" target=\"_blank\" rel=\"noopener\">Adobe Acrobat Reader herunterladen<\/a> (kostenlos)<\/p>\t\t\t\t\t\t\t\t<\/div>\n\t\t\t\t<\/div>\n\t\t\t\t\t<\/div>\n\t\t<\/div>\n\t\t\t\t\t<\/div>\n\t\t<\/section>\n\t\t\t\t<\/div>\n\t\t","protected":false},"excerpt":{"rendered":"<p>Statuten Statuten V02 &#8211; angepasst 10.11.2021 (pdf) Adobe Acrobat Reader herunterladen (kostenlos)<\/p>\n","protected":false},"author":1,"featured_media":0,"parent":0,"menu_order":0,"comment_status":"closed","ping_status":"closed","template":"","meta":{"neve_meta_sidebar":"","neve_meta_container":"","neve_meta_enable_content_width":"","neve_meta_content_width":0,"neve_meta_title_alignment":"","neve_meta_author_avatar":"","neve_post_elements_order":"","neve_meta_disable_header":"","neve_meta_disable_footer":"","neve_meta_disable_title":"","footnotes":""},"class_list":["post-142","page","type-page","status-publish","hentry"],"yoast_head":"<!-- This site is optimized with the Yoast SEO plugin v27.5 - https:\/\/yoast.com\/product\/yoast-seo-wordpress\/ -->\n<title>Downloads - IG Mehrzweckhalle L\u00f6hningen Mehrzweckhalle L\u00f6hningen<\/title>\n<meta name=\"description\" content=\"Mehr Raum f\u00fcr L\u00f6hningen. Finde alle Informationen rund um die IG Mehrzweckhalle L\u00f6hningen auf unserer Homepage.\" \/>\n<meta name=\"robots\" content=\"index, follow, max-snippet:-1, max-image-preview:large, max-video-preview:-1\" \/>\n<link rel=\"canonical\" href=\"https:\/\/ig-mehrzweckhalle-loehningen.ch\/index.php\/downloads\/\" \/>\n<meta property=\"og:locale\" content=\"de_DE\" \/>\n<meta property=\"og:type\" content=\"article\" \/>\n<meta property=\"og:title\" content=\"Downloads - IG Mehrzweckhalle L\u00f6hningen Mehrzweckhalle L\u00f6hningen\" \/>\n<meta property=\"og:description\" content=\"Mehr Raum f\u00fcr L\u00f6hningen. Finde alle Informationen rund um die IG Mehrzweckhalle L\u00f6hningen auf unserer Homepage.\" \/>\n<meta property=\"og:url\" content=\"https:\/\/ig-mehrzweckhalle-loehningen.ch\/index.php\/downloads\/\" \/>\n<meta property=\"og:site_name\" content=\"IG Mehrzweckhalle L\u00f6hningen\" \/>\n<meta property=\"article:modified_time\" content=\"2022-03-14T16:54:08+00:00\" \/>\n<meta name=\"twitter:card\" content=\"summary_large_image\" \/>\n<meta name=\"twitter:label1\" content=\"Gesch\u00e4tzte Lesezeit\" \/>\n\t<meta name=\"twitter:data1\" content=\"1\u00a0Minute\" \/>\n<script type=\"application\/ld+json\" class=\"yoast-schema-graph\">{\"@context\":\"https:\\\/\\\/schema.org\",\"@graph\":[{\"@type\":\"WebPage\",\"@id\":\"https:\\\/\\\/ig-mehrzweckhalle-loehningen.ch\\\/index.php\\\/downloads\\\/\",\"url\":\"https:\\\/\\\/ig-mehrzweckhalle-loehningen.ch\\\/index.php\\\/downloads\\\/\",\"name\":\"Downloads - IG Mehrzweckhalle L\u00f6hningen Mehrzweckhalle L\u00f6hningen\",\"isPartOf\":{\"@id\":\"https:\\\/\\\/ig-mehrzweckhalle-loehningen.ch\\\/#website\"},\"datePublished\":\"2020-03-20T16:00:13+00:00\",\"dateModified\":\"2022-03-14T16:54:08+00:00\",\"description\":\"Mehr Raum f\u00fcr L\u00f6hningen. Finde alle Informationen rund um die IG Mehrzweckhalle L\u00f6hningen auf unserer Homepage.\",\"breadcrumb\":{\"@id\":\"https:\\\/\\\/ig-mehrzweckhalle-loehningen.ch\\\/index.php\\\/downloads\\\/#breadcrumb\"},\"inLanguage\":\"de\",\"potentialAction\":[{\"@type\":\"ReadAction\",\"target\":[\"https:\\\/\\\/ig-mehrzweckhalle-loehningen.ch\\\/index.php\\\/downloads\\\/\"]}]},{\"@type\":\"BreadcrumbList\",\"@id\":\"https:\\\/\\\/ig-mehrzweckhalle-loehningen.ch\\\/index.php\\\/downloads\\\/#breadcrumb\",\"itemListElement\":[{\"@type\":\"ListItem\",\"position\":1,\"name\":\"Startseite\",\"item\":\"https:\\\/\\\/ig-mehrzweckhalle-loehningen.ch\\\/\"},{\"@type\":\"ListItem\",\"position\":2,\"name\":\"Downloads\"}]},{\"@type\":\"WebSite\",\"@id\":\"https:\\\/\\\/ig-mehrzweckhalle-loehningen.ch\\\/#website\",\"url\":\"https:\\\/\\\/ig-mehrzweckhalle-loehningen.ch\\\/\",\"name\":\"IG Mehrzweckhalle L\u00f6hningen\",\"description\":\"Mehr Hallenkapazit\u00e4t f\u00fcr unser Dorf!\",\"publisher\":{\"@id\":\"https:\\\/\\\/ig-mehrzweckhalle-loehningen.ch\\\/#organization\"},\"potentialAction\":[{\"@type\":\"SearchAction\",\"target\":{\"@type\":\"EntryPoint\",\"urlTemplate\":\"https:\\\/\\\/ig-mehrzweckhalle-loehningen.ch\\\/?s={search_term_string}\"},\"query-input\":{\"@type\":\"PropertyValueSpecification\",\"valueRequired\":true,\"valueName\":\"search_term_string\"}}],\"inLanguage\":\"de\"},{\"@type\":\"Organization\",\"@id\":\"https:\\\/\\\/ig-mehrzweckhalle-loehningen.ch\\\/#organization\",\"name\":\"IG Mehrzweckhalle L\u00f6hningen\",\"url\":\"https:\\\/\\\/ig-mehrzweckhalle-loehningen.ch\\\/\",\"logo\":{\"@type\":\"ImageObject\",\"inLanguage\":\"de\",\"@id\":\"https:\\\/\\\/ig-mehrzweckhalle-loehningen.ch\\\/#\\\/schema\\\/logo\\\/image\\\/\",\"url\":\"https:\\\/\\\/ig-mehrzweckhalle-loehningen.ch\\\/wp-content\\\/uploads\\\/2020\\\/07\\\/logo_IGmehrzweckhalle_loehningen_v01.jpg\",\"contentUrl\":\"https:\\\/\\\/ig-mehrzweckhalle-loehningen.ch\\\/wp-content\\\/uploads\\\/2020\\\/07\\\/logo_IGmehrzweckhalle_loehningen_v01.jpg\",\"width\":1654,\"height\":709,\"caption\":\"IG Mehrzweckhalle L\u00f6hningen\"},\"image\":{\"@id\":\"https:\\\/\\\/ig-mehrzweckhalle-loehningen.ch\\\/#\\\/schema\\\/logo\\\/image\\\/\"}}]}<\/script>\n<!-- \/ Yoast SEO plugin. -->","yoast_head_json":{"title":"Downloads - IG Mehrzweckhalle L\u00f6hningen Mehrzweckhalle L\u00f6hningen","description":"Mehr Raum f\u00fcr L\u00f6hningen. Finde alle Informationen rund um die IG Mehrzweckhalle L\u00f6hningen auf unserer Homepage.","robots":{"index":"index","follow":"follow","max-snippet":"max-snippet:-1","max-image-preview":"max-image-preview:large","max-video-preview":"max-video-preview:-1"},"canonical":"https:\/\/ig-mehrzweckhalle-loehningen.ch\/index.php\/downloads\/","og_locale":"de_DE","og_type":"article","og_title":"Downloads - IG Mehrzweckhalle L\u00f6hningen Mehrzweckhalle L\u00f6hningen","og_description":"Mehr Raum f\u00fcr L\u00f6hningen. Finde alle Informationen rund um die IG Mehrzweckhalle L\u00f6hningen auf unserer Homepage.","og_url":"https:\/\/ig-mehrzweckhalle-loehningen.ch\/index.php\/downloads\/","og_site_name":"IG Mehrzweckhalle L\u00f6hningen","article_modified_time":"2022-03-14T16:54:08+00:00","twitter_card":"summary_large_image","twitter_misc":{"Gesch\u00e4tzte Lesezeit":"1\u00a0Minute"},"schema":{"@context":"https:\/\/schema.org","@graph":[{"@type":"WebPage","@id":"https:\/\/ig-mehrzweckhalle-loehningen.ch\/index.php\/downloads\/","url":"https:\/\/ig-mehrzweckhalle-loehningen.ch\/index.php\/downloads\/","name":"Downloads - IG Mehrzweckhalle L\u00f6hningen Mehrzweckhalle L\u00f6hningen","isPartOf":{"@id":"https:\/\/ig-mehrzweckhalle-loehningen.ch\/#website"},"datePublished":"2020-03-20T16:00:13+00:00","dateModified":"2022-03-14T16:54:08+00:00","description":"Mehr Raum f\u00fcr L\u00f6hningen. Finde alle Informationen rund um die IG Mehrzweckhalle L\u00f6hningen auf unserer Homepage.","breadcrumb":{"@id":"https:\/\/ig-mehrzweckhalle-loehningen.ch\/index.php\/downloads\/#breadcrumb"},"inLanguage":"de","potentialAction":[{"@type":"ReadAction","target":["https:\/\/ig-mehrzweckhalle-loehningen.ch\/index.php\/downloads\/"]}]},{"@type":"BreadcrumbList","@id":"https:\/\/ig-mehrzweckhalle-loehningen.ch\/index.php\/downloads\/#breadcrumb","itemListElement":[{"@type":"ListItem","position":1,"name":"Startseite","item":"https:\/\/ig-mehrzweckhalle-loehningen.ch\/"},{"@type":"ListItem","position":2,"name":"Downloads"}]},{"@type":"WebSite","@id":"https:\/\/ig-mehrzweckhalle-loehningen.ch\/#website","url":"https:\/\/ig-mehrzweckhalle-loehningen.ch\/","name":"IG Mehrzweckhalle L\u00f6hningen","description":"Mehr Hallenkapazit\u00e4t f\u00fcr unser Dorf!","publisher":{"@id":"https:\/\/ig-mehrzweckhalle-loehningen.ch\/#organization"},"potentialAction":[{"@type":"SearchAction","target":{"@type":"EntryPoint","urlTemplate":"https:\/\/ig-mehrzweckhalle-loehningen.ch\/?s={search_term_string}"},"query-input":{"@type":"PropertyValueSpecification","valueRequired":true,"valueName":"search_term_string"}}],"inLanguage":"de"},{"@type":"Organization","@id":"https:\/\/ig-mehrzweckhalle-loehningen.ch\/#organization","name":"IG Mehrzweckhalle L\u00f6hningen","url":"https:\/\/ig-mehrzweckhalle-loehningen.ch\/","logo":{"@type":"ImageObject","inLanguage":"de","@id":"https:\/\/ig-mehrzweckhalle-loehningen.ch\/#\/schema\/logo\/image\/","url":"https:\/\/ig-mehrzweckhalle-loehningen.ch\/wp-content\/uploads\/2020\/07\/logo_IGmehrzweckhalle_loehningen_v01.jpg","contentUrl":"https:\/\/ig-mehrzweckhalle-loehningen.ch\/wp-content\/uploads\/2020\/07\/logo_IGmehrzweckhalle_loehningen_v01.jpg","width":1654,"height":709,"caption":"IG Mehrzweckhalle L\u00f6hningen"},"image":{"@id":"https:\/\/ig-mehrzweckhalle-loehningen.ch\/#\/schema\/logo\/image\/"}}]}},"_links":{"self":[{"href":"https:\/\/ig-mehrzweckhalle-loehningen.ch\/index.php\/wp-json\/wp\/v2\/pages\/142","targetHints":{"allow":["GET"]}}],"collection":[{"href":"https:\/\/ig-mehrzweckhalle-loehningen.ch\/index.php\/wp-json\/wp\/v2\/pages"}],"about":[{"href":"https:\/\/ig-mehrzweckhalle-loehningen.ch\/index.php\/wp-json\/wp\/v2\/types\/page"}],"author":[{"embeddable":true,"href":"https:\/\/ig-mehrzweckhalle-loehningen.ch\/index.php\/wp-json\/wp\/v2\/users\/1"}],"replies":[{"embeddable":true,"href":"https:\/\/ig-mehrzweckhalle-loehningen.ch\/index.php\/wp-json\/wp\/v2\/comments?post=142"}],"version-history":[{"count":29,"href":"https:\/\/ig-mehrzweckhalle-loehningen.ch\/index.php\/wp-json\/wp\/v2\/pages\/142\/revisions"}],"predecessor-version":[{"id":491,"href":"https:\/\/ig-mehrzweckhalle-loehningen.ch\/index.php\/wp-json\/wp\/v2\/pages\/142\/revisions\/491"}],"wp:attachment":[{"href":"https:\/\/ig-mehrzweckhalle-loehningen.ch\/index.php\/wp-json\/wp\/v2\/media?parent=142"}],"curies":[{"name":"wp","href":"https:\/\/api.w.org\/{rel}","templated":true}]}}